{"id":68,"date":"2020-04-04T22:00:47","date_gmt":"2020-04-04T21:00:47","guid":{"rendered":"http:\/\/efg-wuensdorf.de\/?page_id=68"},"modified":"2023-03-21T11:02:01","modified_gmt":"2023-03-21T10:02:01","slug":"service","status":"publish","type":"page","link":"https:\/\/www.efg-wuensdorf.de\/?page_id=68","title":{"rendered":"Service"},"content":{"rendered":"\n<h2 class=\"wp-block-heading\">Links zu Livestreams<\/h2>\n\n\n\n<figure class=\"wp-block-table is-style-stripes\"><table><tbody><tr><td> <a rel=\"noreferrer noopener\" href=\"https:\/\/m.youtube.com\/watch?v=wohSbWfZaZQ&amp;fbclid=IwAR0_BuouJfV2uVGtPBSRaUhHSOM6RzAu_LrWWvG0CWHLKFPS5Ddlqx67J7g&amp;feature=share\" target=\"_blank\">Lifestream &#8211; EFG Oberkr\u00e4mer<\/a> <\/td><\/tr><tr><td> <a rel=\"noreferrer noopener\" href=\"https:\/\/www.efg-wiedenest.de\/joomla3\/\" target=\"_blank\">Lifestream &#8211; EFG Wiedenest<\/a> <\/td><\/tr><tr><td><a rel=\"noreferrer noopener\" href=\"https:\/\/www.youtube.com\/watch?v=pESV8Vh-Sb4#action=share\" target=\"_blank\">ICF Berlin Kids Livestream (f\u00fcr Kinder von 4 bis 8)<\/a><\/td><\/tr><tr><td><a rel=\"noreferrer noopener\" href=\"https:\/\/www.youtube.com\/watch?v=jSIacYVu_GY&amp;feature=youtu.be\" target=\"_blank\">ICF Berlin Kids Livestream (f\u00fcr Kinder von 8 bis 12)<\/a><\/td><\/tr><tr><td><\/td><\/tr><\/tbody><\/table><\/figure>\n\n\n\n<p><\/p>\n","protected":false},"excerpt":{"rendered":"<p>Links zu Livestreams Lifestream &#8211; EFG Oberkr\u00e4mer Lifestream &#8211; EFG Wiedenest ICF Berlin Kids Livestream (f\u00fcr Kinder von 4 bis 8) ICF Berlin Kids Livestream (f\u00fcr Kinder von 8 bis 12)<\/p>\n","protected":false},"author":2,"featured_media":0,"parent":0,"menu_order":0,"comment_status":"closed","ping_status":"closed","template":"","meta":{"footnotes":""},"class_list":["post-68","page","type-page","status-publish","hentry"],"_links":{"self":[{"href":"https:\/\/www.efg-wuensdorf.de\/index.php?rest_route=\/wp\/v2\/pages\/68","targetHints":{"allow":["GET"]}}],"collection":[{"href":"https:\/\/www.efg-wuensdorf.de\/index.php?rest_route=\/wp\/v2\/pages"}],"about":[{"href":"https:\/\/www.efg-wuensdorf.de\/index.php?rest_route=\/wp\/v2\/types\/page"}],"author":[{"embeddable":true,"href":"https:\/\/www.efg-wuensdorf.de\/index.php?rest_route=\/wp\/v2\/users\/2"}],"replies":[{"embeddable":true,"href":"https:\/\/www.efg-wuensdorf.de\/index.php?rest_route=%2Fwp%2Fv2%2Fcomments&post=68"}],"version-history":[{"count":9,"href":"https:\/\/www.efg-wuensdorf.de\/index.php?rest_route=\/wp\/v2\/pages\/68\/revisions"}],"predecessor-version":[{"id":136,"href":"https:\/\/www.efg-wuensdorf.de\/index.php?rest_route=\/wp\/v2\/pages\/68\/revisions\/136"}],"wp:attachment":[{"href":"https:\/\/www.efg-wuensdorf.de\/index.php?rest_route=%2Fwp%2Fv2%2Fmedia&parent=68"}],"curies":[{"name":"wp","href":"https:\/\/api.w.org\/{rel}","templated":true}]}}