{"id":59,"date":"2020-04-04T21:48:18","date_gmt":"2020-04-04T20:48:18","guid":{"rendered":"http:\/\/efg-wuensdorf.de\/?page_id=59"},"modified":"2026-02-06T15:53:31","modified_gmt":"2026-02-06T14:53:31","slug":"59-2","status":"publish","type":"page","link":"https:\/\/www.efg-wuensdorf.de\/?page_id=59","title":{"rendered":"Das Glauben wir"},"content":{"rendered":"<p><!--StartFragment--><\/p>\n\n\n<p class=\"has-text-align-center\"><strong>Wir glauben daran, dass Jesus Christus der Sohn Gottes ist. Er ist stellvertretend f\u00fcr die S\u00fcnden aller Menschen gestorben, das hei\u00dft, wer seine S\u00fcnden bereut und Gott seine Schuld vor ihm und vor den Menschen bekennt, dem vergibt Gott und er wird ein Kind Gottes. Die Bibel nennt das Wiedergeburt. Nur wiedergeborene Menschen werden nach ihrem Tod in der Ewigkeit bei Gott im Himmel sein. Jeder Mensch kann das Geschenk Gottes, die Vergebung f\u00fcr sich in Anspruch nehmen oder es ablehnen. Wir glauben daran, dass die Bibel, das Wort Gottes, damals wie heute aktuell ist. Gerne beantworten wir Ihnen Ihre Fragen oder senden Ihnen Literatur zu. <\/strong><\/p>\n\n\n<p><!--EndFragment--><\/p>","protected":false},"excerpt":{"rendered":"<p>Wir glauben daran, dass Jesus Christus der Sohn Gottes ist. Er ist stellvertretend f\u00fcr die S\u00fcnden aller Menschen gestorben, das hei\u00dft, wer seine S\u00fcnden bereut und Gott seine Schuld vor ihm und vor den Menschen bekennt, dem vergibt Gott und<\/p>\n","protected":false},"author":2,"featured_media":0,"parent":0,"menu_order":0,"comment_status":"closed","ping_status":"closed","template":"","meta":{"footnotes":""},"class_list":["post-59","page","type-page","status-publish","hentry"],"_links":{"self":[{"href":"https:\/\/www.efg-wuensdorf.de\/index.php?rest_route=\/wp\/v2\/pages\/59","targetHints":{"allow":["GET"]}}],"collection":[{"href":"https:\/\/www.efg-wuensdorf.de\/index.php?rest_route=\/wp\/v2\/pages"}],"about":[{"href":"https:\/\/www.efg-wuensdorf.de\/index.php?rest_route=\/wp\/v2\/types\/page"}],"author":[{"embeddable":true,"href":"https:\/\/www.efg-wuensdorf.de\/index.php?rest_route=\/wp\/v2\/users\/2"}],"replies":[{"embeddable":true,"href":"https:\/\/www.efg-wuensdorf.de\/index.php?rest_route=%2Fwp%2Fv2%2Fcomments&post=59"}],"version-history":[{"count":4,"href":"https:\/\/www.efg-wuensdorf.de\/index.php?rest_route=\/wp\/v2\/pages\/59\/revisions"}],"predecessor-version":[{"id":225,"href":"https:\/\/www.efg-wuensdorf.de\/index.php?rest_route=\/wp\/v2\/pages\/59\/revisions\/225"}],"wp:attachment":[{"href":"https:\/\/www.efg-wuensdorf.de\/index.php?rest_route=%2Fwp%2Fv2%2Fmedia&parent=59"}],"curies":[{"name":"wp","href":"https:\/\/api.w.org\/{rel}","templated":true}]}}